{"id":1860,"date":"2018-12-03T11:51:02","date_gmt":"2018-12-03T10:51:02","guid":{"rendered":"https:\/\/www.millefolia.ch\/ueber-millefolia\/"},"modified":"2019-05-14T17:27:08","modified_gmt":"2019-05-14T15:27:08","slug":"a-propos-de-millefolia","status":"publish","type":"page","link":"https:\/\/www.millefolia.ch\/fr\/a-propos-de-millefolia\/","title":{"rendered":"\u00c0 propos de Millefolia"},"content":{"rendered":"<h2>Charte \u00e9ditorial<\/h2>\n<h3>Nous proposons des articles qui portent sur le monde de la m\u00e9decine compl\u00e9mentaire<\/h3>\n<p>Millefolia veut apporter une contribution de valeur \u00e0 la diversit\u00e9 des opinions et \u00e0 la qualit\u00e9 de la communication et, partant, \u00e0 la tol\u00e9rance, \u00e0 la solidarit\u00e9 et \u00e0 l\u2019int\u00e9gration dans la soci\u00e9t\u00e9.<\/p>\n<h3>Nous sommes ind\u00e9pendants<\/h3>\n<p>La r\u00e9daction de Millefolia est ind\u00e9pendante de tout parti politique ou autre groupe d\u2018int\u00e9r\u00eats et n\u2019a d\u2019obligations qu\u2019envers son public et la soci\u00e9t\u00e9. Elle souhaite \u0153uvrer au bien commun par sa contribution \u00e0 une d\u00e9mocratie pluraliste et elle accompagne les changements et les \u00e9volutions soci\u00e9tales.<\/p>\n<h3>Nous proposons de la diversit\u00e9<\/h3>\n<p>Millefolia propose des articles de tr\u00e8s haute qualit\u00e9 qui pr\u00e9sentent la diversit\u00e9 sociale, r\u00e9gionale, ethnique, religieuse et culturelle sous toutes ses formes. L\u2019offre journalistique est aussi vari\u00e9e et diversifi\u00e9e dans ses int\u00e9r\u00eats que le public et la soci\u00e9t\u00e9 elle-m\u00eame.<\/p>\n<h3>Nous informons, divertissons, instruisons<\/h3>\n<p>Millefolia propose une information objective et fiable ainsi que de nombreux services utiles au quotidien. Sa cr\u00e9dibilit\u00e9 se fonde sur des reportages objectifs, imm\u00e9diats et comp\u00e9tents des journalistes et collaborateurs\/collaboratrices, sur leur \u00e9thique journalistique et leur fiabilit\u00e9 dans la v\u00e9rification des sources ainsi que sur leur int\u00e9grit\u00e9 personnelle.<\/p>\n<span class=\"et_bloom_bottom_trigger\"><\/span>","protected":false},"excerpt":{"rendered":"<p>Charte \u00e9ditorial Nous proposons des articles qui portent sur le monde de la m\u00e9decine compl\u00e9mentaire Millefolia veut apporter une contribution de valeur \u00e0 la diversit\u00e9 des opinions et \u00e0 la&hellip;<\/p>\n","protected":false},"author":1,"featured_media":0,"parent":0,"menu_order":0,"comment_status":"closed","ping_status":"closed","template":"","meta":{"_acf_changed":false,"_lmt_disableupdate":"","_lmt_disable":"","footnotes":""},"class_list":["post-1860","page","type-page","status-publish","hentry"],"acf":[],"yoast_head":"<!-- This site is optimized with the Yoast SEO Premium plugin v27.3 (Yoast SEO v27.3) - https:\/\/yoast.com\/product\/yoast-seo-premium-wordpress\/ -->\n<title>\u00c0 propos de Millefolia | Millefolia \u2013 Infoportal f\u00fcr Komplement\u00e4rmedizin<\/title>\n<meta name=\"robots\" content=\"index, follow, max-snippet:-1, max-image-preview:large, max-video-preview:-1\" \/>\n<link rel=\"canonical\" href=\"https:\/\/www.millefolia.ch\/fr\/a-propos-de-millefolia\/\" \/>\n<meta property=\"og:locale\" content=\"fr_FR\" \/>\n<meta property=\"og:type\" content=\"article\" \/>\n<meta property=\"og:title\" content=\"\u00c0 propos de Millefolia\" \/>\n<meta property=\"og:description\" content=\"Charte \u00e9ditorial Nous proposons des articles qui portent sur le monde de la m\u00e9decine compl\u00e9mentaire Millefolia veut apporter une contribution de valeur \u00e0 la diversit\u00e9 des opinions et \u00e0 la&hellip;\" \/>\n<meta property=\"og:url\" content=\"https:\/\/www.millefolia.ch\/fr\/a-propos-de-millefolia\/\" \/>\n<meta property=\"og:site_name\" content=\"Millefolia \u2013 Infoportal f\u00fcr Komplement\u00e4rmedizin\" \/>\n<meta property=\"article:publisher\" content=\"https:\/\/www.facebook.com\/dakomed\" \/>\n<meta property=\"article:modified_time\" content=\"2019-05-14T15:27:08+00:00\" \/>\n<meta property=\"og:image\" content=\"https:\/\/www.millefolia.ch\/wp-content\/uploads\/2022\/08\/logo-millefolia-dakomed-1280.png\" \/>\n\t<meta property=\"og:image:width\" content=\"1280\" \/>\n\t<meta property=\"og:image:height\" content=\"800\" \/>\n\t<meta property=\"og:image:type\" content=\"image\/png\" \/>\n<script type=\"application\/ld+json\" class=\"yoast-schema-graph\">{\"@context\":\"https:\\\/\\\/schema.org\",\"@graph\":[{\"@type\":\"WebPage\",\"@id\":\"https:\\\/\\\/www.millefolia.ch\\\/fr\\\/a-propos-de-millefolia\\\/\",\"url\":\"https:\\\/\\\/www.millefolia.ch\\\/fr\\\/a-propos-de-millefolia\\\/\",\"name\":\"\u00c0 propos de Millefolia | Millefolia \u2013 Infoportal f\u00fcr Komplement\u00e4rmedizin\",\"isPartOf\":{\"@id\":\"https:\\\/\\\/www.millefolia.ch\\\/fr\\\/#website\"},\"datePublished\":\"2018-12-03T10:51:02+00:00\",\"dateModified\":\"2019-05-14T15:27:08+00:00\",\"breadcrumb\":{\"@id\":\"https:\\\/\\\/www.millefolia.ch\\\/fr\\\/a-propos-de-millefolia\\\/#breadcrumb\"},\"inLanguage\":\"fr-FR\",\"potentialAction\":[{\"@type\":\"ReadAction\",\"target\":[\"https:\\\/\\\/www.millefolia.ch\\\/fr\\\/a-propos-de-millefolia\\\/\"]}]},{\"@type\":\"BreadcrumbList\",\"@id\":\"https:\\\/\\\/www.millefolia.ch\\\/fr\\\/a-propos-de-millefolia\\\/#breadcrumb\",\"itemListElement\":[{\"@type\":\"ListItem\",\"position\":1,\"name\":\"Start\",\"item\":\"https:\\\/\\\/www.millefolia.ch\\\/fr\\\/\"},{\"@type\":\"ListItem\",\"position\":2,\"name\":\"\u00c0 propos de Millefolia\"}]},{\"@type\":\"WebSite\",\"@id\":\"https:\\\/\\\/www.millefolia.ch\\\/fr\\\/#website\",\"url\":\"https:\\\/\\\/www.millefolia.ch\\\/fr\\\/\",\"name\":\"Millefolia\",\"description\":\"Das Schweizer Infoportal f\u00fcr Komplement\u00e4rmedizin\",\"publisher\":{\"@id\":\"https:\\\/\\\/www.millefolia.ch\\\/fr\\\/#organization\"},\"alternateName\":\"Das Schweizer Infoportal f\u00fcr Komplement\u00e4rmedizin\",\"potentialAction\":[{\"@type\":\"SearchAction\",\"target\":{\"@type\":\"EntryPoint\",\"urlTemplate\":\"https:\\\/\\\/www.millefolia.ch\\\/fr\\\/?s={search_term_string}\"},\"query-input\":{\"@type\":\"PropertyValueSpecification\",\"valueRequired\":true,\"valueName\":\"search_term_string\"}}],\"inLanguage\":\"fr-FR\"},{\"@type\":\"Organization\",\"@id\":\"https:\\\/\\\/www.millefolia.ch\\\/fr\\\/#organization\",\"name\":\"Millefolia \u2013 Le portail suisse d\u2019informations sur la m\u00e9decine compl\u00e9mentaire\",\"alternateName\":\"Das Schweizer Infoportal f\u00fcr Komplement\u00e4rmedizin\",\"url\":\"https:\\\/\\\/www.millefolia.ch\\\/fr\\\/\",\"logo\":{\"@type\":\"ImageObject\",\"inLanguage\":\"fr-FR\",\"@id\":\"https:\\\/\\\/www.millefolia.ch\\\/fr\\\/#\\\/schema\\\/logo\\\/image\\\/\",\"url\":\"https:\\\/\\\/www.millefolia.ch\\\/wp-content\\\/uploads\\\/2023\\\/06\\\/logo-millefolia-dakomed-d-800px.png\",\"contentUrl\":\"https:\\\/\\\/www.millefolia.ch\\\/wp-content\\\/uploads\\\/2023\\\/06\\\/logo-millefolia-dakomed-d-800px.png\",\"width\":800,\"height\":499,\"caption\":\"Millefolia \u2013 Le portail suisse d\u2019informations sur la m\u00e9decine compl\u00e9mentaire\"},\"image\":{\"@id\":\"https:\\\/\\\/www.millefolia.ch\\\/fr\\\/#\\\/schema\\\/logo\\\/image\\\/\"},\"sameAs\":[\"https:\\\/\\\/www.facebook.com\\\/dakomed\"],\"email\":\"redaktion@millefolia.ch\",\"telephone\":\"+41 31 560 00 24\",\"legalName\":\"Dachverband Komplement\u00e4rmedizin\",\"numberOfEmployees\":{\"@type\":\"QuantitativeValue\",\"minValue\":\"1\",\"maxValue\":\"10\"}}]}<\/script>\n<!-- \/ Yoast SEO Premium plugin. -->","yoast_head_json":{"title":"\u00c0 propos de Millefolia | Millefolia \u2013 Infoportal f\u00fcr Komplement\u00e4rmedizin","robots":{"index":"index","follow":"follow","max-snippet":"max-snippet:-1","max-image-preview":"max-image-preview:large","max-video-preview":"max-video-preview:-1"},"canonical":"https:\/\/www.millefolia.ch\/fr\/a-propos-de-millefolia\/","og_locale":"fr_FR","og_type":"article","og_title":"\u00c0 propos de Millefolia","og_description":"Charte \u00e9ditorial Nous proposons des articles qui portent sur le monde de la m\u00e9decine compl\u00e9mentaire Millefolia veut apporter une contribution de valeur \u00e0 la diversit\u00e9 des opinions et \u00e0 la&hellip;","og_url":"https:\/\/www.millefolia.ch\/fr\/a-propos-de-millefolia\/","og_site_name":"Millefolia \u2013 Infoportal f\u00fcr Komplement\u00e4rmedizin","article_publisher":"https:\/\/www.facebook.com\/dakomed","article_modified_time":"2019-05-14T15:27:08+00:00","og_image":[{"width":1280,"height":800,"url":"https:\/\/www.millefolia.ch\/wp-content\/uploads\/2022\/08\/logo-millefolia-dakomed-1280.png","type":"image\/png"}],"schema":{"@context":"https:\/\/schema.org","@graph":[{"@type":"WebPage","@id":"https:\/\/www.millefolia.ch\/fr\/a-propos-de-millefolia\/","url":"https:\/\/www.millefolia.ch\/fr\/a-propos-de-millefolia\/","name":"\u00c0 propos de Millefolia | Millefolia \u2013 Infoportal f\u00fcr Komplement\u00e4rmedizin","isPartOf":{"@id":"https:\/\/www.millefolia.ch\/fr\/#website"},"datePublished":"2018-12-03T10:51:02+00:00","dateModified":"2019-05-14T15:27:08+00:00","breadcrumb":{"@id":"https:\/\/www.millefolia.ch\/fr\/a-propos-de-millefolia\/#breadcrumb"},"inLanguage":"fr-FR","potentialAction":[{"@type":"ReadAction","target":["https:\/\/www.millefolia.ch\/fr\/a-propos-de-millefolia\/"]}]},{"@type":"BreadcrumbList","@id":"https:\/\/www.millefolia.ch\/fr\/a-propos-de-millefolia\/#breadcrumb","itemListElement":[{"@type":"ListItem","position":1,"name":"Start","item":"https:\/\/www.millefolia.ch\/fr\/"},{"@type":"ListItem","position":2,"name":"\u00c0 propos de Millefolia"}]},{"@type":"WebSite","@id":"https:\/\/www.millefolia.ch\/fr\/#website","url":"https:\/\/www.millefolia.ch\/fr\/","name":"Millefolia","description":"Das Schweizer Infoportal f\u00fcr Komplement\u00e4rmedizin","publisher":{"@id":"https:\/\/www.millefolia.ch\/fr\/#organization"},"alternateName":"Das Schweizer Infoportal f\u00fcr Komplement\u00e4rmedizin","potentialAction":[{"@type":"SearchAction","target":{"@type":"EntryPoint","urlTemplate":"https:\/\/www.millefolia.ch\/fr\/?s={search_term_string}"},"query-input":{"@type":"PropertyValueSpecification","valueRequired":true,"valueName":"search_term_string"}}],"inLanguage":"fr-FR"},{"@type":"Organization","@id":"https:\/\/www.millefolia.ch\/fr\/#organization","name":"Millefolia \u2013 Le portail suisse d\u2019informations sur la m\u00e9decine compl\u00e9mentaire","alternateName":"Das Schweizer Infoportal f\u00fcr Komplement\u00e4rmedizin","url":"https:\/\/www.millefolia.ch\/fr\/","logo":{"@type":"ImageObject","inLanguage":"fr-FR","@id":"https:\/\/www.millefolia.ch\/fr\/#\/schema\/logo\/image\/","url":"https:\/\/www.millefolia.ch\/wp-content\/uploads\/2023\/06\/logo-millefolia-dakomed-d-800px.png","contentUrl":"https:\/\/www.millefolia.ch\/wp-content\/uploads\/2023\/06\/logo-millefolia-dakomed-d-800px.png","width":800,"height":499,"caption":"Millefolia \u2013 Le portail suisse d\u2019informations sur la m\u00e9decine compl\u00e9mentaire"},"image":{"@id":"https:\/\/www.millefolia.ch\/fr\/#\/schema\/logo\/image\/"},"sameAs":["https:\/\/www.facebook.com\/dakomed"],"email":"redaktion@millefolia.ch","telephone":"+41 31 560 00 24","legalName":"Dachverband Komplement\u00e4rmedizin","numberOfEmployees":{"@type":"QuantitativeValue","minValue":"1","maxValue":"10"}}]}},"_links":{"self":[{"href":"https:\/\/www.millefolia.ch\/fr\/wp-json\/wp\/v2\/pages\/1860","targetHints":{"allow":["GET"]}}],"collection":[{"href":"https:\/\/www.millefolia.ch\/fr\/wp-json\/wp\/v2\/pages"}],"about":[{"href":"https:\/\/www.millefolia.ch\/fr\/wp-json\/wp\/v2\/types\/page"}],"author":[{"embeddable":true,"href":"https:\/\/www.millefolia.ch\/fr\/wp-json\/wp\/v2\/users\/1"}],"replies":[{"embeddable":true,"href":"https:\/\/www.millefolia.ch\/fr\/wp-json\/wp\/v2\/comments?post=1860"}],"version-history":[{"count":0,"href":"https:\/\/www.millefolia.ch\/fr\/wp-json\/wp\/v2\/pages\/1860\/revisions"}],"wp:attachment":[{"href":"https:\/\/www.millefolia.ch\/fr\/wp-json\/wp\/v2\/media?parent=1860"}],"curies":[{"name":"wp","href":"https:\/\/api.w.org\/{rel}","templated":true}]}}