{"id":2935,"date":"2019-10-29T16:04:12","date_gmt":"2019-10-29T15:04:12","guid":{"rendered":"https:\/\/www.millefolia.ch\/impressum\/"},"modified":"2019-10-29T16:06:32","modified_gmt":"2019-10-29T15:06:32","slug":"impressum","status":"publish","type":"page","link":"https:\/\/www.millefolia.ch\/fr\/impressum\/","title":{"rendered":"Impressum"},"content":{"rendered":"<h2>Millefolia<\/h2>\n<p><strong>Le portail suisse d\u2019informations sur la m\u00e9decine compl\u00e9mentaire<br \/>\n<\/strong>c\/o F\u00e9d\u00e9ration de la m\u00e9decine compl\u00e9mentaire<br \/>\nAmthausgasse 18<br \/>\n3011 Berne<\/p>\n<p>T\u00e9l\u00e9phone +41 31 560 00 24<br \/>\n<a href=\"mailto:redaktion@millefolia.ch\">redaktion@millefolia.ch<\/a><\/p>\n<h2>\u00c9quipe \u00e9ditoriale<\/h2>\n<div class=\"tmm tmm_die-geschaeftsstelle-2\"><div class=\"tmm_2_columns tmm_wrap tmm_theme_f\"><span class=\"tmm_two_containers_tablet\"><\/span><div class=\"tmm_container\"><div class=\"tmm_member\" style=\"border-top:#333333 solid 5px;\"><div class=\"tmm_photo tmm_pic_die-geschaeftsstelle-2_0\" style=\"background: url(https:\/\/www.millefolia.ch\/wp-content\/uploads\/2024\/09\/Lukas-Fuhrer-Leitender-Redaktor-Redaktionsteam-Millefolia.webp); margin-left: auto; margin-right:auto; background-size:cover !important;\"><\/div><div class=\"tmm_textblock\"><div class=\"tmm_names\"><span class=\"tmm_fname\">Lukas<\/span> <span class=\"tmm_lname\">Fuhrer<\/span><\/div><div class=\"tmm_job\">Leitender Redaktor<\/div><div class=\"tmm_scblock\"><\/div><\/div><\/div><div class=\"tmm_member\" style=\"border-top:#333333 solid 5px;\"><div class=\"tmm_photo tmm_pic_die-geschaeftsstelle-2_1\" style=\"background: url(https:\/\/www.millefolia.ch\/wp-content\/uploads\/2019\/10\/Portr\u00e4tfoto_quadrat.jpg); margin-left: auto; margin-right:auto; background-size:cover !important;\"><\/div><div class=\"tmm_textblock\"><div class=\"tmm_names\"><span class=\"tmm_fname\">Andreas<\/span> <span class=\"tmm_lname\">Krebs<\/span><\/div><div class=\"tmm_scblock\"><\/div><\/div><\/div><span class=\"tmm_two_containers_tablet\"><\/span><\/div><span class=\"tmm_columns_containers_desktop\"><\/span><div class=\"tmm_container\"><div class=\"tmm_member\" style=\"border-top:#333333 solid 5px;\"><div class=\"tmm_photo tmm_pic_die-geschaeftsstelle-2_2\" style=\"background: url(https:\/\/www.millefolia.ch\/wp-content\/uploads\/2019\/10\/Fabrice-M\u00fcller-quadrat-1.jpg); margin-left: auto; margin-right:auto; background-size:cover !important;\"><\/div><div class=\"tmm_textblock\"><div class=\"tmm_names\"><span class=\"tmm_fname\">Fabrice<\/span> <span class=\"tmm_lname\">M\u00fcller<\/span><\/div><div class=\"tmm_scblock\"><\/div><\/div><\/div><div class=\"tmm_member\" style=\"border-top:#333333 solid 5px;\"><div class=\"tmm_photo tmm_pic_die-geschaeftsstelle-2_3\" style=\"background: url(https:\/\/www.millefolia.ch\/wp-content\/uploads\/2019\/10\/Karin-Meier_quadrat.jpg); margin-left: auto; margin-right:auto; background-size:cover !important;\"><\/div><div class=\"tmm_textblock\"><div class=\"tmm_names\"><span class=\"tmm_fname\">Karin<\/span> <span class=\"tmm_lname\">Meier<\/span><\/div><div class=\"tmm_scblock\"><\/div><\/div><\/div><span class=\"tmm_two_containers_tablet\"><\/span><\/div><span class=\"tmm_columns_containers_desktop\"><\/span><div class=\"tmm_container\"><div class=\"tmm_member\" style=\"border-top:#333333 solid 5px;\"><div class=\"tmm_photo tmm_pic_die-geschaeftsstelle-2_4\" style=\"background: url(https:\/\/www.millefolia.ch\/wp-content\/uploads\/2019\/10\/Katrin-Brunner_quadrat.jpg); margin-left: auto; margin-right:auto; background-size:cover !important;\"><\/div><div class=\"tmm_textblock\"><div class=\"tmm_names\"><span class=\"tmm_fname\">Katrin<\/span> <span class=\"tmm_lname\">Brunner<\/span><\/div><div class=\"tmm_scblock\"><\/div><\/div><\/div><div class=\"tmm_member\" style=\"border-top:#333333 solid 5px;\"><div class=\"tmm_photo tmm_pic_die-geschaeftsstelle-2_5\" style=\"background: url(https:\/\/www.millefolia.ch\/wp-content\/uploads\/2022\/06\/Lisa-Heyl_02-1.jpg); margin-left: auto; margin-right:auto; background-size:cover !important;\"><\/div><div class=\"tmm_textblock\"><div class=\"tmm_names\"><span class=\"tmm_fname\">Lisa<\/span> <span class=\"tmm_lname\">Heyl \/ vitagate.ch<\/span><\/div><div class=\"tmm_scblock\"><\/div><\/div><\/div><span class=\"tmm_two_containers_tablet\"><\/span><\/div><span class=\"tmm_columns_containers_desktop\"><\/span><div class=\"tmm_container\"><div class=\"tmm_member\" style=\"border-top:#333333 solid 5px;\"><div class=\"tmm_photo tmm_pic_die-geschaeftsstelle-2_6\" style=\"background: url(https:\/\/www.millefolia.ch\/wp-content\/uploads\/2019\/10\/Manuela_Fey_quadrat.jpg); margin-left: auto; margin-right:auto; background-size:cover !important;\"><\/div><div class=\"tmm_textblock\"><div class=\"tmm_names\"><span class=\"tmm_fname\">Manuela<\/span> <span class=\"tmm_lname\">Fey<\/span><\/div><div class=\"tmm_scblock\"><\/div><\/div><\/div><div class=\"tmm_member\" style=\"border-top:#333333 solid 5px;\"><div class=\"tmm_photo tmm_pic_die-geschaeftsstelle-2_7\" style=\"background: url(https:\/\/www.millefolia.ch\/wp-content\/uploads\/2019\/10\/Peter-W\u00e4ch_quadrat.jpg); margin-left: auto; margin-right:auto; background-size:cover !important;\"><\/div><div class=\"tmm_textblock\"><div class=\"tmm_names\"><span class=\"tmm_fname\">Peter<\/span> <span class=\"tmm_lname\">W\u00e4ch<\/span><\/div><div class=\"tmm_scblock\"><\/div><\/div><\/div><span class=\"tmm_two_containers_tablet\"><\/span><\/div><span class=\"tmm_columns_containers_desktop\"><\/span><div class=\"tmm_container\"><div class=\"tmm_member\" style=\"border-top:#333333 solid 5px;\"><div class=\"tmm_photo tmm_pic_die-geschaeftsstelle-2_8\" style=\"background: url(https:\/\/www.millefolia.ch\/wp-content\/uploads\/2019\/10\/Romaine_Jean_quadrat.jpg); margin-left: auto; margin-right:auto; background-size:cover !important;\"><\/div><div class=\"tmm_textblock\"><div class=\"tmm_names\"><span class=\"tmm_fname\">Romaine<\/span> <span class=\"tmm_lname\">Jean<\/span><\/div><div class=\"tmm_scblock\"><\/div><\/div><\/div><div class=\"tmm_member\" style=\"border-top:#333333 solid 5px;\"><div class=\"tmm_photo tmm_pic_die-geschaeftsstelle-2_9\" style=\"background: url(https:\/\/www.millefolia.ch\/wp-content\/uploads\/2019\/10\/Tanya-Karrer_quadrat-1.jpg); margin-left: auto; margin-right:auto; background-size:cover !important;\"><\/div><div class=\"tmm_textblock\"><div class=\"tmm_names\"><span class=\"tmm_fname\">Tanya<\/span> <span class=\"tmm_lname\">Karrer<\/span><\/div><div class=\"tmm_scblock\"><\/div><\/div><\/div><div style=\"clear:both;\"><\/div><\/div><\/div><\/div>\n<span class=\"et_bloom_bottom_trigger\"><\/span>","protected":false},"excerpt":{"rendered":"<p>Millefolia Le portail suisse d\u2019informations sur la m\u00e9decine compl\u00e9mentaire c\/o F\u00e9d\u00e9ration de la m\u00e9decine compl\u00e9mentaire Amthausgasse 18 3011 Berne T\u00e9l\u00e9phone +41 31 560 00 24 redaktion@millefolia.ch \u00c9quipe \u00e9ditoriale<\/p>\n","protected":false},"author":4,"featured_media":0,"parent":0,"menu_order":0,"comment_status":"closed","ping_status":"closed","template":"","meta":{"_acf_changed":false,"_lmt_disableupdate":"","_lmt_disable":"","footnotes":""},"class_list":["post-2935","page","type-page","status-publish","hentry"],"acf":[],"yoast_head":"<!-- This site is optimized with the Yoast SEO Premium plugin v27.3 (Yoast SEO v27.3) - https:\/\/yoast.com\/product\/yoast-seo-premium-wordpress\/ -->\n<title>Impressum | Millefolia \u2013 Infoportal f\u00fcr Komplement\u00e4rmedizin<\/title>\n<meta name=\"robots\" content=\"index, follow, max-snippet:-1, max-image-preview:large, max-video-preview:-1\" \/>\n<link rel=\"canonical\" href=\"https:\/\/www.millefolia.ch\/fr\/impressum\/\" \/>\n<meta property=\"og:locale\" content=\"fr_FR\" \/>\n<meta property=\"og:type\" content=\"article\" \/>\n<meta property=\"og:title\" content=\"Impressum\" \/>\n<meta property=\"og:description\" content=\"Millefolia Le portail suisse d\u2019informations sur la m\u00e9decine compl\u00e9mentaire c\/o F\u00e9d\u00e9ration de la m\u00e9decine compl\u00e9mentaire Amthausgasse 18 3011 Berne T\u00e9l\u00e9phone +41 31 560 00 24 redaktion@millefolia.ch \u00c9quipe \u00e9ditoriale\" \/>\n<meta property=\"og:url\" content=\"https:\/\/www.millefolia.ch\/fr\/impressum\/\" \/>\n<meta property=\"og:site_name\" content=\"Millefolia \u2013 Infoportal f\u00fcr Komplement\u00e4rmedizin\" \/>\n<meta property=\"article:publisher\" content=\"https:\/\/www.facebook.com\/dakomed\" \/>\n<meta property=\"article:modified_time\" content=\"2019-10-29T15:06:32+00:00\" \/>\n<meta property=\"og:image\" content=\"https:\/\/www.millefolia.ch\/wp-content\/uploads\/2022\/08\/logo-millefolia-dakomed-1280.png\" \/>\n\t<meta property=\"og:image:width\" content=\"1280\" \/>\n\t<meta property=\"og:image:height\" content=\"800\" \/>\n\t<meta property=\"og:image:type\" content=\"image\/png\" \/>\n<script type=\"application\/ld+json\" class=\"yoast-schema-graph\">{\"@context\":\"https:\\\/\\\/schema.org\",\"@graph\":[{\"@type\":\"WebPage\",\"@id\":\"https:\\\/\\\/www.millefolia.ch\\\/fr\\\/impressum\\\/\",\"url\":\"https:\\\/\\\/www.millefolia.ch\\\/fr\\\/impressum\\\/\",\"name\":\"Impressum | Millefolia \u2013 Infoportal f\u00fcr Komplement\u00e4rmedizin\",\"isPartOf\":{\"@id\":\"https:\\\/\\\/www.millefolia.ch\\\/fr\\\/#website\"},\"datePublished\":\"2019-10-29T15:04:12+00:00\",\"dateModified\":\"2019-10-29T15:06:32+00:00\",\"breadcrumb\":{\"@id\":\"https:\\\/\\\/www.millefolia.ch\\\/fr\\\/impressum\\\/#breadcrumb\"},\"inLanguage\":\"fr-FR\",\"potentialAction\":[{\"@type\":\"ReadAction\",\"target\":[\"https:\\\/\\\/www.millefolia.ch\\\/fr\\\/impressum\\\/\"]}]},{\"@type\":\"BreadcrumbList\",\"@id\":\"https:\\\/\\\/www.millefolia.ch\\\/fr\\\/impressum\\\/#breadcrumb\",\"itemListElement\":[{\"@type\":\"ListItem\",\"position\":1,\"name\":\"Start\",\"item\":\"https:\\\/\\\/www.millefolia.ch\\\/fr\\\/\"},{\"@type\":\"ListItem\",\"position\":2,\"name\":\"Impressum\"}]},{\"@type\":\"WebSite\",\"@id\":\"https:\\\/\\\/www.millefolia.ch\\\/fr\\\/#website\",\"url\":\"https:\\\/\\\/www.millefolia.ch\\\/fr\\\/\",\"name\":\"Millefolia\",\"description\":\"Das Schweizer Infoportal f\u00fcr Komplement\u00e4rmedizin\",\"publisher\":{\"@id\":\"https:\\\/\\\/www.millefolia.ch\\\/fr\\\/#organization\"},\"alternateName\":\"Das Schweizer Infoportal f\u00fcr Komplement\u00e4rmedizin\",\"potentialAction\":[{\"@type\":\"SearchAction\",\"target\":{\"@type\":\"EntryPoint\",\"urlTemplate\":\"https:\\\/\\\/www.millefolia.ch\\\/fr\\\/?s={search_term_string}\"},\"query-input\":{\"@type\":\"PropertyValueSpecification\",\"valueRequired\":true,\"valueName\":\"search_term_string\"}}],\"inLanguage\":\"fr-FR\"},{\"@type\":\"Organization\",\"@id\":\"https:\\\/\\\/www.millefolia.ch\\\/fr\\\/#organization\",\"name\":\"Millefolia \u2013 Le portail suisse d\u2019informations sur la m\u00e9decine compl\u00e9mentaire\",\"alternateName\":\"Das Schweizer Infoportal f\u00fcr Komplement\u00e4rmedizin\",\"url\":\"https:\\\/\\\/www.millefolia.ch\\\/fr\\\/\",\"logo\":{\"@type\":\"ImageObject\",\"inLanguage\":\"fr-FR\",\"@id\":\"https:\\\/\\\/www.millefolia.ch\\\/fr\\\/#\\\/schema\\\/logo\\\/image\\\/\",\"url\":\"https:\\\/\\\/www.millefolia.ch\\\/wp-content\\\/uploads\\\/2023\\\/06\\\/logo-millefolia-dakomed-d-800px.png\",\"contentUrl\":\"https:\\\/\\\/www.millefolia.ch\\\/wp-content\\\/uploads\\\/2023\\\/06\\\/logo-millefolia-dakomed-d-800px.png\",\"width\":800,\"height\":499,\"caption\":\"Millefolia \u2013 Le portail suisse d\u2019informations sur la m\u00e9decine compl\u00e9mentaire\"},\"image\":{\"@id\":\"https:\\\/\\\/www.millefolia.ch\\\/fr\\\/#\\\/schema\\\/logo\\\/image\\\/\"},\"sameAs\":[\"https:\\\/\\\/www.facebook.com\\\/dakomed\"],\"email\":\"redaktion@millefolia.ch\",\"telephone\":\"+41 31 560 00 24\",\"legalName\":\"Dachverband Komplement\u00e4rmedizin\",\"numberOfEmployees\":{\"@type\":\"QuantitativeValue\",\"minValue\":\"1\",\"maxValue\":\"10\"}}]}<\/script>\n<!-- \/ Yoast SEO Premium plugin. -->","yoast_head_json":{"title":"Impressum | Millefolia \u2013 Infoportal f\u00fcr Komplement\u00e4rmedizin","robots":{"index":"index","follow":"follow","max-snippet":"max-snippet:-1","max-image-preview":"max-image-preview:large","max-video-preview":"max-video-preview:-1"},"canonical":"https:\/\/www.millefolia.ch\/fr\/impressum\/","og_locale":"fr_FR","og_type":"article","og_title":"Impressum","og_description":"Millefolia Le portail suisse d\u2019informations sur la m\u00e9decine compl\u00e9mentaire c\/o F\u00e9d\u00e9ration de la m\u00e9decine compl\u00e9mentaire Amthausgasse 18 3011 Berne T\u00e9l\u00e9phone +41 31 560 00 24 redaktion@millefolia.ch \u00c9quipe \u00e9ditoriale","og_url":"https:\/\/www.millefolia.ch\/fr\/impressum\/","og_site_name":"Millefolia \u2013 Infoportal f\u00fcr Komplement\u00e4rmedizin","article_publisher":"https:\/\/www.facebook.com\/dakomed","article_modified_time":"2019-10-29T15:06:32+00:00","og_image":[{"width":1280,"height":800,"url":"https:\/\/www.millefolia.ch\/wp-content\/uploads\/2022\/08\/logo-millefolia-dakomed-1280.png","type":"image\/png"}],"schema":{"@context":"https:\/\/schema.org","@graph":[{"@type":"WebPage","@id":"https:\/\/www.millefolia.ch\/fr\/impressum\/","url":"https:\/\/www.millefolia.ch\/fr\/impressum\/","name":"Impressum | Millefolia \u2013 Infoportal f\u00fcr Komplement\u00e4rmedizin","isPartOf":{"@id":"https:\/\/www.millefolia.ch\/fr\/#website"},"datePublished":"2019-10-29T15:04:12+00:00","dateModified":"2019-10-29T15:06:32+00:00","breadcrumb":{"@id":"https:\/\/www.millefolia.ch\/fr\/impressum\/#breadcrumb"},"inLanguage":"fr-FR","potentialAction":[{"@type":"ReadAction","target":["https:\/\/www.millefolia.ch\/fr\/impressum\/"]}]},{"@type":"BreadcrumbList","@id":"https:\/\/www.millefolia.ch\/fr\/impressum\/#breadcrumb","itemListElement":[{"@type":"ListItem","position":1,"name":"Start","item":"https:\/\/www.millefolia.ch\/fr\/"},{"@type":"ListItem","position":2,"name":"Impressum"}]},{"@type":"WebSite","@id":"https:\/\/www.millefolia.ch\/fr\/#website","url":"https:\/\/www.millefolia.ch\/fr\/","name":"Millefolia","description":"Das Schweizer Infoportal f\u00fcr Komplement\u00e4rmedizin","publisher":{"@id":"https:\/\/www.millefolia.ch\/fr\/#organization"},"alternateName":"Das Schweizer Infoportal f\u00fcr Komplement\u00e4rmedizin","potentialAction":[{"@type":"SearchAction","target":{"@type":"EntryPoint","urlTemplate":"https:\/\/www.millefolia.ch\/fr\/?s={search_term_string}"},"query-input":{"@type":"PropertyValueSpecification","valueRequired":true,"valueName":"search_term_string"}}],"inLanguage":"fr-FR"},{"@type":"Organization","@id":"https:\/\/www.millefolia.ch\/fr\/#organization","name":"Millefolia \u2013 Le portail suisse d\u2019informations sur la m\u00e9decine compl\u00e9mentaire","alternateName":"Das Schweizer Infoportal f\u00fcr Komplement\u00e4rmedizin","url":"https:\/\/www.millefolia.ch\/fr\/","logo":{"@type":"ImageObject","inLanguage":"fr-FR","@id":"https:\/\/www.millefolia.ch\/fr\/#\/schema\/logo\/image\/","url":"https:\/\/www.millefolia.ch\/wp-content\/uploads\/2023\/06\/logo-millefolia-dakomed-d-800px.png","contentUrl":"https:\/\/www.millefolia.ch\/wp-content\/uploads\/2023\/06\/logo-millefolia-dakomed-d-800px.png","width":800,"height":499,"caption":"Millefolia \u2013 Le portail suisse d\u2019informations sur la m\u00e9decine compl\u00e9mentaire"},"image":{"@id":"https:\/\/www.millefolia.ch\/fr\/#\/schema\/logo\/image\/"},"sameAs":["https:\/\/www.facebook.com\/dakomed"],"email":"redaktion@millefolia.ch","telephone":"+41 31 560 00 24","legalName":"Dachverband Komplement\u00e4rmedizin","numberOfEmployees":{"@type":"QuantitativeValue","minValue":"1","maxValue":"10"}}]}},"_links":{"self":[{"href":"https:\/\/www.millefolia.ch\/fr\/wp-json\/wp\/v2\/pages\/2935","targetHints":{"allow":["GET"]}}],"collection":[{"href":"https:\/\/www.millefolia.ch\/fr\/wp-json\/wp\/v2\/pages"}],"about":[{"href":"https:\/\/www.millefolia.ch\/fr\/wp-json\/wp\/v2\/types\/page"}],"author":[{"embeddable":true,"href":"https:\/\/www.millefolia.ch\/fr\/wp-json\/wp\/v2\/users\/4"}],"replies":[{"embeddable":true,"href":"https:\/\/www.millefolia.ch\/fr\/wp-json\/wp\/v2\/comments?post=2935"}],"version-history":[{"count":0,"href":"https:\/\/www.millefolia.ch\/fr\/wp-json\/wp\/v2\/pages\/2935\/revisions"}],"wp:attachment":[{"href":"https:\/\/www.millefolia.ch\/fr\/wp-json\/wp\/v2\/media?parent=2935"}],"curies":[{"name":"wp","href":"https:\/\/api.w.org\/{rel}","templated":true}]}}